{"id":196,"date":"2023-02-28T21:33:10","date_gmt":"2023-02-28T21:33:10","guid":{"rendered":"https:\/\/redlaw.lt\/?page_id=196"},"modified":"2024-07-10T08:27:59","modified_gmt":"2024-07-10T08:27:59","slug":"home","status":"publish","type":"page","link":"https:\/\/redlaw.lt\/en\/","title":{"rendered":"Home"},"content":{"rendered":"","protected":false},"excerpt":{"rendered":"","protected":false},"author":1,"featured_media":0,"parent":0,"menu_order":0,"comment_status":"closed","ping_status":"closed","template":"template-home.php","meta":{"_editorskit_title_hidden":false,"_editorskit_reading_time":0,"_editorskit_is_block_options_detached":false,"_editorskit_block_options_position":"{}","inline_featured_image":false},"yoast_head":"<!-- This site is optimized with the Yoast SEO plugin v21.0 - https:\/\/yoast.com\/wordpress\/plugins\/seo\/ -->\n<title>Advokat\u0173 kontora Redlaw<\/title>\n<meta name=\"description\" content=\"Esame \u012fsik\u016br\u0119 pa\u010dioje Vilniaus senamies\u010dio \u0161irdyje, Lietuvoje, kur am\u017ei\u0173 istorija ir dabartis susijungia \u012f unikali\u0105 visum\u0105.\" \/>\n<meta name=\"robots\" content=\"index, follow, max-snippet:-1, max-image-preview:large, max-video-preview:-1\" \/>\n<link rel=\"canonical\" href=\"https:\/\/redlaw.lt\/en\/\" \/>\n<meta property=\"og:locale\" content=\"en_US\" \/>\n<meta property=\"og:type\" content=\"article\" \/>\n<meta property=\"og:title\" content=\"Advokat\u0173 kontora Redlaw\" \/>\n<meta property=\"og:description\" content=\"Esame \u012fsik\u016br\u0119 pa\u010dioje Vilniaus senamies\u010dio \u0161irdyje, Lietuvoje, kur am\u017ei\u0173 istorija ir dabartis susijungia \u012f unikali\u0105 visum\u0105.\" \/>\n<meta property=\"og:url\" content=\"https:\/\/redlaw.lt\/en\/\" \/>\n<meta property=\"og:site_name\" content=\"redlaw.lt\" \/>\n<meta property=\"article:modified_time\" content=\"2024-07-10T08:27:59+00:00\" \/>\n<meta name=\"twitter:card\" content=\"summary_large_image\" \/>\n<script type=\"application\/ld+json\" class=\"yoast-schema-graph\">{\"@context\":\"https:\/\/schema.org\",\"@graph\":[{\"@type\":\"WebPage\",\"@id\":\"https:\/\/redlaw.lt\/\",\"url\":\"https:\/\/redlaw.lt\/\",\"name\":\"Advokat\u0173 kontora Redlaw\",\"isPartOf\":{\"@id\":\"https:\/\/redlaw.lt\/#website\"},\"datePublished\":\"2023-02-28T21:33:10+00:00\",\"dateModified\":\"2024-07-10T08:27:59+00:00\",\"description\":\"Esame \u012fsik\u016br\u0119 pa\u010dioje Vilniaus senamies\u010dio \u0161irdyje, Lietuvoje, kur am\u017ei\u0173 istorija ir dabartis susijungia \u012f unikali\u0105 visum\u0105.\",\"breadcrumb\":{\"@id\":\"https:\/\/redlaw.lt\/#breadcrumb\"},\"inLanguage\":\"en-US\",\"potentialAction\":[{\"@type\":\"ReadAction\",\"target\":[\"https:\/\/redlaw.lt\/\"]}]},{\"@type\":\"BreadcrumbList\",\"@id\":\"https:\/\/redlaw.lt\/#breadcrumb\",\"itemListElement\":[{\"@type\":\"ListItem\",\"position\":1,\"name\":\"Home\",\"item\":\"https:\/\/redlaw.lt\/\"},{\"@type\":\"ListItem\",\"position\":2,\"name\":\"Home\"}]},{\"@type\":\"WebSite\",\"@id\":\"https:\/\/redlaw.lt\/#website\",\"url\":\"https:\/\/redlaw.lt\/\",\"name\":\"redlaw.lt\",\"description\":\"\",\"potentialAction\":[{\"@type\":\"SearchAction\",\"target\":{\"@type\":\"EntryPoint\",\"urlTemplate\":\"https:\/\/redlaw.lt\/?s={search_term_string}\"},\"query-input\":\"required name=search_term_string\"}],\"inLanguage\":\"en-US\"}]}<\/script>\n<!-- \/ Yoast SEO plugin. -->","yoast_head_json":{"title":"Advokat\u0173 kontora Redlaw","description":"Esame \u012fsik\u016br\u0119 pa\u010dioje Vilniaus senamies\u010dio \u0161irdyje, Lietuvoje, kur am\u017ei\u0173 istorija ir dabartis susijungia \u012f unikali\u0105 visum\u0105.","robots":{"index":"index","follow":"follow","max-snippet":"max-snippet:-1","max-image-preview":"max-image-preview:large","max-video-preview":"max-video-preview:-1"},"canonical":"https:\/\/redlaw.lt\/en\/","og_locale":"en_US","og_type":"article","og_title":"Advokat\u0173 kontora Redlaw","og_description":"Esame \u012fsik\u016br\u0119 pa\u010dioje Vilniaus senamies\u010dio \u0161irdyje, Lietuvoje, kur am\u017ei\u0173 istorija ir dabartis susijungia \u012f unikali\u0105 visum\u0105.","og_url":"https:\/\/redlaw.lt\/en\/","og_site_name":"redlaw.lt","article_modified_time":"2024-07-10T08:27:59+00:00","twitter_card":"summary_large_image","schema":{"@context":"https:\/\/schema.org","@graph":[{"@type":"WebPage","@id":"https:\/\/redlaw.lt\/","url":"https:\/\/redlaw.lt\/","name":"Advokat\u0173 kontora Redlaw","isPartOf":{"@id":"https:\/\/redlaw.lt\/#website"},"datePublished":"2023-02-28T21:33:10+00:00","dateModified":"2024-07-10T08:27:59+00:00","description":"Esame \u012fsik\u016br\u0119 pa\u010dioje Vilniaus senamies\u010dio \u0161irdyje, Lietuvoje, kur am\u017ei\u0173 istorija ir dabartis susijungia \u012f unikali\u0105 visum\u0105.","breadcrumb":{"@id":"https:\/\/redlaw.lt\/#breadcrumb"},"inLanguage":"en-US","potentialAction":[{"@type":"ReadAction","target":["https:\/\/redlaw.lt\/"]}]},{"@type":"BreadcrumbList","@id":"https:\/\/redlaw.lt\/#breadcrumb","itemListElement":[{"@type":"ListItem","position":1,"name":"Home","item":"https:\/\/redlaw.lt\/"},{"@type":"ListItem","position":2,"name":"Home"}]},{"@type":"WebSite","@id":"https:\/\/redlaw.lt\/#website","url":"https:\/\/redlaw.lt\/","name":"redlaw.lt","description":"","potentialAction":[{"@type":"SearchAction","target":{"@type":"EntryPoint","urlTemplate":"https:\/\/redlaw.lt\/?s={search_term_string}"},"query-input":"required name=search_term_string"}],"inLanguage":"en-US"}]}},"_links":{"self":[{"href":"https:\/\/redlaw.lt\/en\/wp-json\/wp\/v2\/pages\/196"}],"collection":[{"href":"https:\/\/redlaw.lt\/en\/wp-json\/wp\/v2\/pages"}],"about":[{"href":"https:\/\/redlaw.lt\/en\/wp-json\/wp\/v2\/types\/page"}],"author":[{"embeddable":true,"href":"https:\/\/redlaw.lt\/en\/wp-json\/wp\/v2\/users\/1"}],"replies":[{"embeddable":true,"href":"https:\/\/redlaw.lt\/en\/wp-json\/wp\/v2\/comments?post=196"}],"version-history":[{"count":14,"href":"https:\/\/redlaw.lt\/en\/wp-json\/wp\/v2\/pages\/196\/revisions"}],"predecessor-version":[{"id":838,"href":"https:\/\/redlaw.lt\/en\/wp-json\/wp\/v2\/pages\/196\/revisions\/838"}],"wp:attachment":[{"href":"https:\/\/redlaw.lt\/en\/wp-json\/wp\/v2\/media?parent=196"}],"curies":[{"name":"wp","href":"https:\/\/api.w.org\/{rel}","templated":true}]}}